{"id":177,"date":"2019-09-06T14:32:16","date_gmt":"2019-09-06T14:32:16","guid":{"rendered":"http:\/\/beta.dandys.lima-city.ch\/?page_id=177"},"modified":"2021-02-10T06:41:14","modified_gmt":"2021-02-10T06:41:14","slug":"allgemeine-geschaeftsbedingungen-agbs","status":"publish","type":"page","link":"https:\/\/dandys.ch\/fr\/allgemeine-geschaeftsbedingungen-agbs\/","title":{"rendered":"Allgemeine Gesch\u00e4ftsbedingungen AGBs \/ Conditions g\u00e9n\u00e9rales de vente (CGV)"},"content":{"rendered":"<p> <a href=\"https:\/\/dandys.lima-city.ch\/conditions-generales-de-vente-cgv\/\" target=\"_blank\" aria-label=\" (opens in a new tab)\" rel=\"noreferrer noopener\" class=\"rank-math-link\">Version francaise<\/a><\/p>\n\n\n\n<p>G\u00fcltigkeit <br> Dieses Dokument ersetzt alle fr\u00fcheren Ausgaben. <br> Version 3.0, 10.02.2021, Adress\u00e4nderung <\/p>\n\n\n\n<h1 class=\"wp-block-heading\">Allgemeine Gesch\u00e4ftsbedingungen \u201eD\u2019anDy\u2019s Steak Tartar Sauce\u201c <\/h1>\n\n\n\n<h2 class=\"wp-block-heading\">1. Geltungsbereich<\/h2>\n\n\n\n<p>\u201eD\u2019anDy\u2019s Steak Tartar Sauce\u201c erbringt alle Lieferungen ausschliesslich auf der Basis dieser Allgemeinen Gesch\u00e4ftsbedingungen. Sie gelten f\u00fcr die Zustellung von Waren, die die Kundin\/der Kunde per Online-Shopping im Internet, per E-Mail, per Brief oder Telefon bei \u201eD\u2019anDy\u2019s Steak Tartar Sauce\u201c bestellt. Das Bestellangebot gilt nur f\u00fcr die definierten Gebiete der Schweiz und Liechtenstein.<\/p>\n\n\n\n<h2 class=\"wp-block-heading\">2. Warenbestellung<\/h2>\n\n\n\n<p>Bestellungen erfolgen online auf der Basis der Internet-Bestellseite.<\/p>\n\n\n\n<p>Der Vertragsabschluss kommt in dem Zeitpunkt zustande, in dem die Kundin\/der Kunde von \u201eD\u2019anDy\u2019s Steak Tartar Sauce\u201c eine Auftragsbest\u00e4tigung erh\u00e4lt. Die Auftragsbest\u00e4tigung erfolgt per E-Mail. Die Best\u00e4tigung der \u00dcbermittlung der Bestellung gilt noch nicht als Auftragsbest\u00e4tigung.<\/p>\n\n\n\n<p>Wird nach der Auftragsbest\u00e4tigung festgestellt, dass die Lieferung nicht vollst\u00e4ndig erf\u00fcllt werden kann, da einzelne Produkte kurzfristig nicht erh\u00e4ltlich sind, teilt \u201eD\u2019anDy\u2019s Steak Tartar Sauce\u201c dies der Kundin\/dem Kunden vor der Auslieferung per E-Mail mit.<\/p>\n\n\n\n<p>Falls Produkte zum Zeitpunkt der Lieferung nicht verf\u00fcgbar sind, werden sie weder in Rechnung gestellt noch sp\u00e4ter nachgeschickt. Dem Kunden stehen in solchen F\u00e4llen weder Real- noch Schadenersatzanspruch zu.<\/p>\n\n\n\n<h2 class=\"wp-block-heading\">3. Belieferung<\/h2>\n\n\n\n<p>\u201eD\u2019anDy\u2019s Steak Tartar Sauce\u201c beschr\u00e4nkt die Lieferungen auf das Gebiet der Schweiz und das F\u00fcrstentum Liechtenstein.<\/p>\n\n\n\n<p>Die Lieferung erfolgt direkt an die von der Kundin\/vom Kunden bekannt gegebene Adresse und Kontaktperson.<\/p>\n\n\n\n<p>Lieferung von Lebensmitteln mit A-Post-Brief oder PostPac Priority<\/p>\n\n\n\n<p>In allen Gebieten der Schweiz und des F\u00fcrstentums Liechtenstein wird die Ware mit dem Sevice A-Post-Brief oder dem Service PostPac Priority der Schweizerischen Post ausgeliefert.<\/p>\n\n\n\n<p>\u201eD\u2019anDy\u2019s Steak Tartar Sauce\u201c  und die Schweizerische Post setzen alles daran, die Lieferung innerhalb der von der Post kommunizierten Fristen einzuhalten. Eine Nichteinhaltung gibt keinen Anspruch auf R\u00fccktritt von der Bestellung bzw. auf Schadenersatz.<\/p>\n\n\n\n<p>Sollte die Schweizerische Post nicht in der Lage sein, eine durch \u201eD\u2019anDy\u2019s Steak Tartar Sauce\u201c best\u00e4tigte Bestellung auszuf\u00fchren, so entsteht f\u00fcr \u201eD\u2019anDy\u2019s Steak Tartar Sauce\u201c keine Pflicht, die Auslieferung anderweitig durchzuf\u00fchren. Der Kundin\/dem Kunden entsteht dadurch kein Anspruch auf Schadenersatz.<\/p>\n\n\n\n<p>\u201eD\u2019anDy\u2019s Steak Tartar Sauce\u201c beh\u00e4lt sich vor den Partner f\u00fcr den Transport der Ware zu wechseln.<\/p>\n\n\n\n<h2 class=\"wp-block-heading\">4. Liefergeb\u00fchren<\/h2>\n\n\n\n<p>Die Liefergeb\u00fchren sind von der Bestellmenge abh\u00e4ngig. \u201eD\u2019anDy\u2019s Steak Tartar Sauce\u201c bem\u00fcht sich je nach Liefermenge die geeignetste und g\u00fcnstigste Versandart der Schweizer Post zu w\u00e4hlen und in Rechnung zu stellen. Es wird ein angemessener Zuschlag f\u00fcr die Verpackung verrechnet.<\/p>\n\n\n\n<h2 class=\"wp-block-heading\">5. Preis \/ Bezahlung<\/h2>\n\n\n\n<p>Alle Preise verstehen sich in Schweizer Franken. \u201eD\u2019anDy\u2019s Steak Tartar Sauce\u201c ist nicht der Mehrwertsteuer (MwSt) unterstellt und somit wird diese nicht erhoben.<\/p>\n\n\n\n<p>Massgebend f\u00fcr den Rechnungsbetrag ist der Preis der Ware zum Zeitpunkt des Eingangs der Bestellung bei \u201eD\u2019anDy\u2019s Steak Tartar Sauce\u201c, welcher auch auf der Rechnung aufgedruckt wird.<\/p>\n\n\n\n<p>F\u00fcr die Bezahlung von \u201eD\u2019anDy\u2019s Steak Tartar Sauce\u201c Lieferungen stehen der Kundin\/dem Kunden folgende Zahlungsarten zur Verf\u00fcgung:<\/p>\n\n\n\n<h3 class=\"wp-block-heading\">5.1 Vorauszahlung<\/h3>\n\n\n\n<p>Bei Erstbestellung kann &#171;D&#8217;anDy&#8217;s Steak Tartar-Sauce&#187; darauf bestehen, dass der Versand der Ware erfolgt, nachdem der Kunde die Bezahlung get\u00e4tigt hat. Die Kontodaten f\u00fcr die Zahlung werden nach erfolgter \u00dcbermittlung der Bestellung mit der Auftragsbest\u00e4tigung per Email geliefert.<\/p>\n\n\n\n<p>Erfolgt die Vorauszahlung nicht, geht \u201eD\u2019anDy\u2019s Steak Tartar Sauce\u201c davon aus, dass der Kunde von der Bestellung zur\u00fccktritt. Es entstehen dem Kunden keine Kosten. Er verliert das Anrecht auf die Lieferung der bestellten Ware.<\/p>\n\n\n\n<h3 class=\"wp-block-heading\">5.2 Bezahlung per Rechnung mit Einzahlungsschein<\/h3>\n\n\n\n<p>Die Bezahlung per Rechnung mit Einzahlungsschein wird ab nach Zahlung der ersten Bestellung gew\u00e4hrt.<\/p>\n\n\n\n<p>\u201eD\u2019anDy\u2019s Steak Tartar Sauce\u201c beh\u00e4lt sich vor die Zahlung per Rechnung mit Einzahlungsschein zu verweigern und die Vorauszahlung zu verlangen. Dies wird jeweils entsprechend per Email begr\u00fcndet. Erfolgt danach die Vorauszahlung nicht, geht \u201eD\u2019anDy\u2019s Steak Tartar Sauce\u201c davon aus, dass der Kunde von der Bestellung zur\u00fccktritt. Es entstehen dem Kunden keine Kosten. Er verliert das Anrecht auf die Lieferung der bestellten Ware.<\/p>\n\n\n\n<p>Rechnungen werden jeweils wenn m\u00f6glich direkt der Warenlieferung beigelegt oder nach der Auslieferung per Post an die Kundenadresse  gesandt.<\/p>\n\n\n\n<p>Rechnungen sind innerhalb von 10 Tagen ohne Abz\u00fcge wie z.B. Skonto und anderen Rabatten zu bezahlen. Unberechtigte Abz\u00fcge werden nachbelastet. Bei nicht termingerechter Bezahlung wird ein Unkostenbeitrag von CHF 20.- erhoben.<\/p>\n\n\n\n<h2 class=\"wp-block-heading\">6. Beanstandung<\/h2>\n\n\n\n<h3 class=\"wp-block-heading\">6.1 M\u00e4ngel<\/h3>\n\n\n\n<p>M\u00e4ngel, die beim Empfang der Ware ohne weiteres ersichtlich sind, m\u00fcssen sofort beanstandet werden, ansonsten gilt die Ware als genehmigt. \u00dcber M\u00e4ngel, die erst zu einem sp\u00e4teren Zeitpunkt zutage treten informiert der Kunde \u201eD\u2019anDy\u2019s Steak Tartar Sauce\u201c  umgehend per E-Mail oder Telefon, gegebenenfalls auch schriftlich.<\/p>\n\n\n\n<p>Ge\u00f6ffnete Waren k\u00f6nnen nicht zur\u00fcck genommen werden.<\/p>\n\n\n\n<p>Vor dem Zur\u00fccksenden noch nicht ge\u00f6ffneter Ware ist \u201eD\u2019anDy\u2019s Steak Tartar Sauce\u201c zu kontaktieren.<\/p>\n\n\n\n<p>R\u00fccksendekosten f\u00fcr nicht ge\u00f6ffnete Ware werden von \u201eD\u2019anDy\u2019s Steak Tartar Sauce\u201c nur \u00fcbernommen, wenn dies zuvor so abgemacht wurde.<\/p>\n\n\n\n<h3 class=\"wp-block-heading\">6.2 Qualit\u00e4t<\/h3>\n\n\n\n<p>Der Kunde nimmt zur Kenntnis, dass \u201eD\u2019anDys\u2018 Steak Tartar Sauce\u201c in einem Privathaushalt hergestellt wird.<\/p>\n\n\n\n<p>Die Zutaten sind auf der Etikette aufgef\u00fchrt. Der Kunde ist  bei Unsicherheit \u00fcber Vertr\u00e4glichkeit, Herstellungsverfahren und\/oder Inhaltsstoffe verpflichtet vor dem \u00d6ffnen der Ware bei \u201eD\u2019anDy\u2019s Steak Tartar Sauce\u201c nachzufragen.<\/p>\n\n\n\n<p>\u201eD\u2019anDy\u2019s Steak Tartar Sauce\u201c lehnt jegliche Haftung f\u00fcr Sch\u00e4den ab, die nach dem \u00d6ffnen der Ware entstehen.<\/p>\n\n\n\n<h2 class=\"wp-block-heading\">7. Anwendbares Recht \/ Gerichtsstand<\/h2>\n\n\n\n<p>Im Falle von Streitigkeiten ist ausschliesslich Schweizerisches Recht anwendbar. Der Gerichtsstand bestimmt sich nach dem Gerichtsstandsgesetz und liegt bei Bestellungen durch Konsumenten am Wohnsitz des Konsumenten oder am Sitz von \u201eD\u2019anDy\u2019s Steak Tartar Sauce\u201c. Bei Bestellungen, welche nicht von Privatpersonen in Auftrag gegeben wurden, gilt als ausschliesslich der Gerichtsstand des Standorts von \u201eD\u2019anDy\u2019s Steak Tartar Sauce\u201c.<\/p>\n\n\n\n<h2 class=\"wp-block-heading\">8. Datenschutz<\/h2>\n\n\n\n<p>Die gesammelten Daten werden vertraulich und nach Treu und Glauben behandelt. Mit der Annahme der allgemeinen Gesch\u00e4ftsbedingungen geben Sie Ihr Einverst\u00e4ndnis, dass Ihre Daten innerhalb \u201eD\u2019anDy\u2019s Steak Tartar Sauce\u201c nach den folgenden Prinzipien weitergegeben werden d\u00fcrfen:<\/p>\n\n\n\n<p>Anl\u00e4sslich der ersten Kontaktaufnahme werden Ihre Daten in der Form von pers\u00f6nlichen Informationen wie Name, Vorname, Adresse, Telefon, Email zur Gesch\u00e4ftsabwicklung sowie zu Marketingzwecken gesammelt. Neben den explizit eingegebenen Daten werden automatisch auch Informationen aus den Log-Files (eine Art Arbeitsrapport des Computers) gesammelt. Daraus werden keine R\u00fcckschl\u00fcsse auf die Person gezogen. Wir verwenden diese Information ausschliesslich, um in anonymisierter Form, Statistiken \u00fcber die Nutzung unserer Internet-Angebote erstellen zu k\u00f6nnen. Die Details Ihrer Bestellungen\/Eink\u00e4ufe (Warenkorb) k\u00f6nnen in Bezug auf Einkaufsh\u00e4ufigkeit und -betrag ausgewertet werden. In Bezug auf deren Inhalt erfolgt eine Auswertung nur in anonymisierter Form.<\/p>\n\n\n\n<p>F\u00fcr die Sicherheit der im Internet \u00fcbermittelten Daten kann grunds\u00e4tzlich keine Haftung \u00fcbernommen werden.<\/p>\n\n\n\n<h2 class=\"wp-block-heading\">9. Kundendienst<\/h2>\n\n\n\n<p>Es stehen folgende Kontaktm\u00f6glichkeiten zur Verf\u00fcgung: <br> E-Mail: kontakt@dandys.lima-city.ch <br> Telefon: 079 753 96 64<br> Postadresse: D\u2019anDy\u2019s Steak Tartar-Sauce, Sauterel Daniel, rue de la carri\u00e8re 20, 1700 Fribourg<\/p>\n\n\n\n<h2 class=\"wp-block-heading\">10. \u00c4nderungen und Erg\u00e4nzungen<\/h2>\n\n\n\n<p>\u201eD\u2019anDy\u2019s Steak Tartar Sauce\u201c bleibt es ausdr\u00fccklich vorbehalten, die vorliegenden Allgemeinen Gesch\u00e4ftsbedingungen AGB jederzeit an die Gegebenheiten anzupassen und sofort anzuwenden.<\/p>\n\n\n\n<p>Dokument: 28.12.2008<\/p>\n<div id=\"dandy-3124239359\" class=\"dandy-nach-dem-inhalt dandy-entity-placement\"><script async src=\"https:\/\/pagead2.googlesyndication.com\/pagead\/js\/adsbygoogle.js?client=ca-pub-6406795549149219\"\r\n     crossorigin=\"anonymous\"><\/script><\/div>","protected":false},"excerpt":{"rendered":"<p>Version francaise G\u00fcltigkeit Dieses Dokument ersetzt alle fr\u00fcheren Ausgaben. Version 3.0, 10.02.2021, Adress\u00e4nderung Allgemeine Gesch\u00e4ftsbedingungen \u201eD\u2019anDy\u2019s Steak Tartar Sauce\u201c 1. Geltungsbereich \u201eD\u2019anDy\u2019s Steak Tartar Sauce\u201c erbringt alle Lieferungen ausschliesslich auf der Basis dieser Allgemeinen Gesch\u00e4ftsbedingungen. Sie gelten f\u00fcr die Zustellung von Waren, die die Kundin\/der Kunde per Online-Shopping im Internet, per E-Mail, per Brief oder&hellip; <br \/> <a class=\"read-more\" href=\"https:\/\/dandys.ch\/fr\/allgemeine-geschaeftsbedingungen-agbs\/\">Lire la suite<\/a><\/p>","protected":false},"author":1,"featured_media":0,"parent":0,"menu_order":0,"comment_status":"closed","ping_status":"closed","template":"","meta":{"footnotes":""},"class_list":["post-177","page","type-page","status-publish","hentry"],"_links":{"self":[{"href":"https:\/\/dandys.ch\/fr\/wp-json\/wp\/v2\/pages\/177","targetHints":{"allow":["GET"]}}],"collection":[{"href":"https:\/\/dandys.ch\/fr\/wp-json\/wp\/v2\/pages"}],"about":[{"href":"https:\/\/dandys.ch\/fr\/wp-json\/wp\/v2\/types\/page"}],"author":[{"embeddable":true,"href":"https:\/\/dandys.ch\/fr\/wp-json\/wp\/v2\/users\/1"}],"replies":[{"embeddable":true,"href":"https:\/\/dandys.ch\/fr\/wp-json\/wp\/v2\/comments?post=177"}],"version-history":[{"count":8,"href":"https:\/\/dandys.ch\/fr\/wp-json\/wp\/v2\/pages\/177\/revisions"}],"predecessor-version":[{"id":5674,"href":"https:\/\/dandys.ch\/fr\/wp-json\/wp\/v2\/pages\/177\/revisions\/5674"}],"wp:attachment":[{"href":"https:\/\/dandys.ch\/fr\/wp-json\/wp\/v2\/media?parent=177"}],"curies":[{"name":"wp","href":"https:\/\/api.w.org\/{rel}","templated":true}]}}