{"id":4224,"date":"2020-09-10T07:39:12","date_gmt":"2020-09-10T07:39:12","guid":{"rendered":"https:\/\/dandys.lima-city.ch\/?page_id=4224"},"modified":"2026-03-14T07:46:36","modified_gmt":"2026-03-14T07:46:36","slug":"beef-steak-tartar-rezept","status":"publish","type":"page","link":"https:\/\/dandys.ch\/fr\/beef-steak-tartar-rezept\/","title":{"rendered":"Beef Steak Tartare Recette"},"content":{"rendered":"<h6 class=\"wp-block-heading has-text-align-center\">Werbung \/ Pub<\/h6>\n\n\n\n<script async=\"\" src=\"https:\/\/pagead2.googlesyndication.com\/pagead\/js\/adsbygoogle.js?client=ca-pub-6406795549149219\" crossorigin=\"anonymous\"><\/script>\n<!-- adsense@dandys -->\n<ins class=\"adsbygoogle\" style=\"display:block\" data-ad-client=\"ca-pub-6406795549149219\" data-ad-slot=\"5231249023\" data-ad-format=\"auto\" data-full-width-responsive=\"true\"><\/ins>\n<script>\n     (adsbygoogle = window.adsbygoogle || []).push({});\n<\/script>\n\n\n\n<hr class=\"wp-block-separator has-alpha-channel-opacity\"\/>\n\n\n\n<p class=\"has-medium-font-size\"><strong><span class=\"has-inline-color has-black-color\">La fa\u00e7on la plus simple au monde de pr\u00e9parer soi-m\u00eame un tartare de steak de b\u0153uf \u00e0 la maison - voici la recette:<\/span><\/strong><\/p>\n\n\n\n<p class=\"has-medium-font-size\"><strong><span class=\"has-inline-color has-black-color\">Avec la sauce pour tartare de D\u2019anDy\u2019s: simple - s\u00fbre - bonne<\/span><\/strong><\/p>\n\n\n\n<h2 class=\"wp-block-heading has-text-align-left\">\u00c9tape 1 de la recette<\/h2>\n\n\n\n<figure class=\"wp-block-image size-large\"><img data-recalc-dims=\"1\" decoding=\"async\" width=\"1024\" height=\"685\" data-src=\"https:\/\/i0.wp.com\/dandys.lima-city.ch\/wp-content\/uploads\/2020\/07\/step1-1-1024x685.jpg?resize=1024%2C685&#038;ssl=1\" alt=\"Schritt 1: Pro Portion D'anDys Sauce ben\u00f6tigen sie 120 gr frisches rohes, von Hand gehacktes Rindfleisch Ihrer Wahl.\" class=\"wp-image-4173 lazyload\" data-srcset=\"https:\/\/i0.wp.com\/dandys.ch\/wp-content\/uploads\/2020\/07\/step1-1.jpg?resize=1024%2C685&amp;ssl=1 1024w, https:\/\/i0.wp.com\/dandys.ch\/wp-content\/uploads\/2020\/07\/step1-1.jpg?resize=600%2C402&amp;ssl=1 600w, https:\/\/i0.wp.com\/dandys.ch\/wp-content\/uploads\/2020\/07\/step1-1.jpg?resize=300%2C201&amp;ssl=1 300w, https:\/\/i0.wp.com\/dandys.ch\/wp-content\/uploads\/2020\/07\/step1-1.jpg?resize=768%2C514&amp;ssl=1 768w, https:\/\/i0.wp.com\/dandys.ch\/wp-content\/uploads\/2020\/07\/step1-1.jpg?resize=1536%2C1028&amp;ssl=1 1536w, https:\/\/i0.wp.com\/dandys.ch\/wp-content\/uploads\/2020\/07\/step1-1.jpg?resize=1614%2C1080&amp;ssl=1 1614w, https:\/\/i0.wp.com\/dandys.ch\/wp-content\/uploads\/2020\/07\/step1-1.jpg?w=1920&amp;ssl=1 1920w\" data-sizes=\"(max-width: 1024px) 100vw, 1024px\" src=\"data:image\/svg+xml;base64,PHN2ZyB3aWR0aD0iMSIgaGVpZ2h0PSIxIiB4bWxucz0iaHR0cDovL3d3dy53My5vcmcvMjAwMC9zdmciPjwvc3ZnPg==\" style=\"--smush-placeholder-width: 1024px; --smush-placeholder-aspect-ratio: 1024\/685;\" \/><figcaption class=\"wp-element-caption\"><strong><span class=\"has-inline-color has-vivid-cyan-blue-color\">Etappe 1: Pour chaque portion de sauce D'anDys, vous avez besoin de 120 gr de boeuf cru cru,hach\u00e9 \u00e0 la main de votre choix.<\/span><\/strong><\/figcaption><\/figure>\n\n\n\n<div class=\"wp-block-buttons is-layout-flex wp-block-buttons-is-layout-flex\">\n<div class=\"wp-block-button is-style-outline is-style-outline--1\"><a class=\"wp-block-button__link wp-element-button\" href=\"https:\/\/dandys.lima-city.ch\/shop\/\" target=\"_blank\" rel=\"https:\/\/dandys.lima-city.ch\/shop\/ noopener noreferrer\">Acheter au shop avec 15% de rabais avec le code 37GV9VG7<\/a><\/div>\n<\/div>\n\n\n\n<h2 class=\"wp-block-heading has-text-align-left\">\u00c9tape 2 de la recette<\/h2>\n\n\n\n<figure class=\"wp-block-image size-large\"><img data-recalc-dims=\"1\" decoding=\"async\" width=\"1024\" height=\"685\" data-src=\"https:\/\/i0.wp.com\/dandys.lima-city.ch\/wp-content\/uploads\/2020\/07\/step2-1024x685.jpg?resize=1024%2C685&#038;ssl=1\" alt=\"Schritt 2: Vermengen Sie das Ganze zu einer gleichm\u00e4ssigen Masse.\" class=\"wp-image-4169 lazyload\" data-srcset=\"https:\/\/i0.wp.com\/dandys.ch\/wp-content\/uploads\/2020\/07\/step2.jpg?resize=1024%2C685&amp;ssl=1 1024w, https:\/\/i0.wp.com\/dandys.ch\/wp-content\/uploads\/2020\/07\/step2.jpg?resize=600%2C402&amp;ssl=1 600w, https:\/\/i0.wp.com\/dandys.ch\/wp-content\/uploads\/2020\/07\/step2.jpg?resize=300%2C201&amp;ssl=1 300w, https:\/\/i0.wp.com\/dandys.ch\/wp-content\/uploads\/2020\/07\/step2.jpg?resize=768%2C514&amp;ssl=1 768w, https:\/\/i0.wp.com\/dandys.ch\/wp-content\/uploads\/2020\/07\/step2.jpg?resize=1536%2C1028&amp;ssl=1 1536w, https:\/\/i0.wp.com\/dandys.ch\/wp-content\/uploads\/2020\/07\/step2.jpg?resize=1614%2C1080&amp;ssl=1 1614w, https:\/\/i0.wp.com\/dandys.ch\/wp-content\/uploads\/2020\/07\/step2.jpg?w=1920&amp;ssl=1 1920w\" data-sizes=\"(max-width: 1024px) 100vw, 1024px\" src=\"data:image\/svg+xml;base64,PHN2ZyB3aWR0aD0iMSIgaGVpZ2h0PSIxIiB4bWxucz0iaHR0cDovL3d3dy53My5vcmcvMjAwMC9zdmciPjwvc3ZnPg==\" style=\"--smush-placeholder-width: 1024px; --smush-placeholder-aspect-ratio: 1024\/685;\" \/><figcaption class=\"wp-element-caption\"><strong><span class=\"has-inline-color has-vivid-cyan-blue-color\">Etappe 2: M\u00e9langez le tout en une masse uniforme.<\/span><\/strong><\/figcaption><\/figure>\n\n\n\n<div class=\"wp-block-buttons is-layout-flex wp-block-buttons-is-layout-flex\">\n<div class=\"wp-block-button is-style-outline is-style-outline--2\"><a class=\"wp-block-button__link wp-element-button\" href=\"https:\/\/dandys.lima-city.ch\/shop\/\" target=\"_blank\" rel=\"https:\/\/dandys.lima-city.ch\/shop\/ noopener noreferrer\">Acheter au shop avec 15% de rabais avec le code 37GV9VG7<\/a><\/div>\n<\/div>\n\n\n\n<h2 class=\"wp-block-heading has-text-align-left\">\u00c9tape 3 de la recette<\/h2>\n\n\n\n<figure class=\"wp-block-image size-large\"><img data-recalc-dims=\"1\" decoding=\"async\" width=\"685\" height=\"1024\" data-src=\"https:\/\/i0.wp.com\/dandys.lima-city.ch\/wp-content\/uploads\/2019\/09\/step3-685x1024.jpg?resize=685%2C1024&#038;ssl=1\" alt=\"#Beef #Steak #Tartar #Sauce #Zutaten #Fleisch #Rezept #Men\u00fc #Tartare #dandys.ch #s\u00f6ce.li #Gourmet\" class=\"wp-image-167 lazyload\" data-srcset=\"https:\/\/i0.wp.com\/dandys.ch\/wp-content\/uploads\/2019\/09\/step3.jpg?resize=685%2C1024&amp;ssl=1 685w, https:\/\/i0.wp.com\/dandys.ch\/wp-content\/uploads\/2019\/09\/step3.jpg?resize=600%2C896&amp;ssl=1 600w, https:\/\/i0.wp.com\/dandys.ch\/wp-content\/uploads\/2019\/09\/step3.jpg?resize=201%2C300&amp;ssl=1 201w, https:\/\/i0.wp.com\/dandys.ch\/wp-content\/uploads\/2019\/09\/step3.jpg?resize=768%2C1147&amp;ssl=1 768w, https:\/\/i0.wp.com\/dandys.ch\/wp-content\/uploads\/2019\/09\/step3.jpg?resize=1024%2C1530&amp;ssl=1 1024w, https:\/\/i0.wp.com\/dandys.ch\/wp-content\/uploads\/2019\/09\/step3.jpg?resize=723%2C1080&amp;ssl=1 723w, https:\/\/i0.wp.com\/dandys.ch\/wp-content\/uploads\/2019\/09\/step3.jpg?w=1555&amp;ssl=1 1555w\" data-sizes=\"(max-width: 685px) 100vw, 685px\" src=\"data:image\/svg+xml;base64,PHN2ZyB3aWR0aD0iMSIgaGVpZ2h0PSIxIiB4bWxucz0iaHR0cDovL3d3dy53My5vcmcvMjAwMC9zdmciPjwvc3ZnPg==\" style=\"--smush-placeholder-width: 685px; --smush-placeholder-aspect-ratio: 685\/1024;\" \/><figcaption class=\"wp-element-caption\"><strong><span class=\"has-inline-color has-vivid-cyan-blue-color\">Etappe 3: Essayez le tartare et ajoutez du sel, du poivre et \/ oudu tabasco si n\u00e9cessaire.<\/span><\/strong><\/figcaption><\/figure>\n\n\n\n<div class=\"wp-block-buttons is-layout-flex wp-block-buttons-is-layout-flex\">\n<div class=\"wp-block-button is-style-outline is-style-outline--3\"><a class=\"wp-block-button__link wp-element-button\" href=\"https:\/\/dandys.lima-city.ch\/shop\/\" target=\"_blank\" rel=\"https:\/\/dandys.lima-city.ch\/shop\/ noopener noreferrer\">Acheter au shop avec 15% de rabais avec le code 37GV9VG7<\/a><\/div>\n<\/div>\n\n\n\n<h2 class=\"wp-block-heading has-text-align-left\">\u00c9tape 4 de la recette<\/h2>\n\n\n\n<figure class=\"wp-block-image size-large\"><img data-recalc-dims=\"1\" decoding=\"async\" width=\"1024\" height=\"685\" data-src=\"https:\/\/i0.wp.com\/dandys.lima-city.ch\/wp-content\/uploads\/2019\/09\/step4-1024x685.jpg?resize=1024%2C685&#038;ssl=1\" alt=\"#Beef #Steak #Tartar #Sauce #Zutaten #Fleisch #Rezept #Men\u00fc #Tartare #dandys.ch #s\u00f6ce.li #Gourmet\" class=\"wp-image-168 lazyload\" data-srcset=\"https:\/\/i0.wp.com\/dandys.ch\/wp-content\/uploads\/2019\/09\/step4.jpg?resize=1024%2C685&amp;ssl=1 1024w, https:\/\/i0.wp.com\/dandys.ch\/wp-content\/uploads\/2019\/09\/step4.jpg?resize=600%2C402&amp;ssl=1 600w, https:\/\/i0.wp.com\/dandys.ch\/wp-content\/uploads\/2019\/09\/step4.jpg?resize=300%2C201&amp;ssl=1 300w, https:\/\/i0.wp.com\/dandys.ch\/wp-content\/uploads\/2019\/09\/step4.jpg?resize=768%2C514&amp;ssl=1 768w, https:\/\/i0.wp.com\/dandys.ch\/wp-content\/uploads\/2019\/09\/step4.jpg?resize=1614%2C1080&amp;ssl=1 1614w, https:\/\/i0.wp.com\/dandys.ch\/wp-content\/uploads\/2019\/09\/step4.jpg?w=1920&amp;ssl=1 1920w\" data-sizes=\"(max-width: 1024px) 100vw, 1024px\" src=\"data:image\/svg+xml;base64,PHN2ZyB3aWR0aD0iMSIgaGVpZ2h0PSIxIiB4bWxucz0iaHR0cDovL3d3dy53My5vcmcvMjAwMC9zdmciPjwvc3ZnPg==\" style=\"--smush-placeholder-width: 1024px; --smush-placeholder-aspect-ratio: 1024\/685;\" \/><figcaption class=\"wp-element-caption\"><strong><span class=\"has-inline-color has-vivid-cyan-blue-color\">Etappe 4: Affinez le go\u00fbt de votre tartare en ajoutant un jaune d'oeuf (par portion) ou servez le jaune d'oeuf sur le tartare.<\/span><\/strong><\/figcaption><\/figure>\n\n\n\n<div class=\"wp-block-buttons is-layout-flex wp-block-buttons-is-layout-flex\">\n<div class=\"wp-block-button is-style-outline is-style-outline--4\"><a class=\"wp-block-button__link wp-element-button\" href=\"https:\/\/dandys.lima-city.ch\/shop\/\" target=\"_blank\" rel=\"https:\/\/dandys.lima-city.ch\/shop\/ noopener noreferrer\">Acheter au shop avec 15% de rabais avec le code 37GV9VG7<\/a><\/div>\n<\/div>\n\n\n\n<h2 class=\"wp-block-heading has-text-align-left\">\u00c9tape 5 de la recette<\/h2>\n\n\n\n<figure class=\"wp-block-image size-large\"><img data-recalc-dims=\"1\" decoding=\"async\" width=\"1024\" height=\"686\" data-src=\"https:\/\/i0.wp.com\/dandys.lima-city.ch\/wp-content\/uploads\/2019\/09\/step5-1024x686.jpg?resize=1024%2C686&#038;ssl=1\" alt=\"#Beef #Steak #Tartar #Sauce #Zutaten #Fleisch #Rezept #Men\u00fc #Tartare #dandys.ch #s\u00f6ce.li #Gourmet\" class=\"wp-image-52 lazyload\" data-srcset=\"https:\/\/i0.wp.com\/dandys.ch\/wp-content\/uploads\/2019\/09\/step5.jpg?resize=1024%2C686&amp;ssl=1 1024w, https:\/\/i0.wp.com\/dandys.ch\/wp-content\/uploads\/2019\/09\/step5.jpg?resize=600%2C402&amp;ssl=1 600w, https:\/\/i0.wp.com\/dandys.ch\/wp-content\/uploads\/2019\/09\/step5.jpg?resize=300%2C201&amp;ssl=1 300w, https:\/\/i0.wp.com\/dandys.ch\/wp-content\/uploads\/2019\/09\/step5.jpg?resize=768%2C514&amp;ssl=1 768w, https:\/\/i0.wp.com\/dandys.ch\/wp-content\/uploads\/2019\/09\/step5.jpg?w=1150&amp;ssl=1 1150w\" data-sizes=\"(max-width: 1024px) 100vw, 1024px\" src=\"data:image\/svg+xml;base64,PHN2ZyB3aWR0aD0iMSIgaGVpZ2h0PSIxIiB4bWxucz0iaHR0cDovL3d3dy53My5vcmcvMjAwMC9zdmciPjwvc3ZnPg==\" style=\"--smush-placeholder-width: 1024px; --smush-placeholder-aspect-ratio: 1024\/686;\" \/><figcaption class=\"wp-element-caption\"><strong><span class=\"has-inline-color has-vivid-cyan-blue-color\">Etappe 5: Dorlotez le palais exigeant en tirant 1 cuill\u00e8re \u00e0 caf\u00e9 de cognac (ou whisky, vodka ...) sous le tartare. Moins c'est souvent plus ...<\/span><\/strong><\/figcaption><\/figure>\n\n\n\n<div class=\"wp-block-buttons is-layout-flex wp-block-buttons-is-layout-flex\">\n<div class=\"wp-block-button is-style-outline is-style-outline--5\"><a class=\"wp-block-button__link wp-element-button\" href=\"https:\/\/dandys.lima-city.ch\/shop\/\" target=\"_blank\" rel=\"https:\/\/dandys.lima-city.ch\/shop\/ noopener noreferrer\">Acheter au shop avec 15% de rabais avec le code 37GV9VG7<\/a><\/div>\n<\/div>\n\n\n\n<h2 class=\"wp-block-heading has-text-align-left\">\u00c9tape 6 de la recette<\/h2>\n\n\n\n<figure class=\"wp-block-image size-large\"><img data-recalc-dims=\"1\" decoding=\"async\" width=\"1024\" height=\"685\" data-src=\"https:\/\/i0.wp.com\/dandys.lima-city.ch\/wp-content\/uploads\/2020\/07\/tartare_base-1-1024x685.jpg?resize=1024%2C685&#038;ssl=1\" alt=\"\" class=\"wp-image-4175 lazyload\" data-srcset=\"https:\/\/i0.wp.com\/dandys.ch\/wp-content\/uploads\/2020\/07\/tartare_base-1.jpg?resize=1024%2C685&amp;ssl=1 1024w, https:\/\/i0.wp.com\/dandys.ch\/wp-content\/uploads\/2020\/07\/tartare_base-1.jpg?resize=600%2C402&amp;ssl=1 600w, https:\/\/i0.wp.com\/dandys.ch\/wp-content\/uploads\/2020\/07\/tartare_base-1.jpg?resize=300%2C201&amp;ssl=1 300w, https:\/\/i0.wp.com\/dandys.ch\/wp-content\/uploads\/2020\/07\/tartare_base-1.jpg?resize=768%2C514&amp;ssl=1 768w, https:\/\/i0.wp.com\/dandys.ch\/wp-content\/uploads\/2020\/07\/tartare_base-1.jpg?resize=1536%2C1028&amp;ssl=1 1536w, https:\/\/i0.wp.com\/dandys.ch\/wp-content\/uploads\/2020\/07\/tartare_base-1.jpg?resize=1614%2C1080&amp;ssl=1 1614w, https:\/\/i0.wp.com\/dandys.ch\/wp-content\/uploads\/2020\/07\/tartare_base-1.jpg?w=1920&amp;ssl=1 1920w\" data-sizes=\"(max-width: 1024px) 100vw, 1024px\" src=\"data:image\/svg+xml;base64,PHN2ZyB3aWR0aD0iMSIgaGVpZ2h0PSIxIiB4bWxucz0iaHR0cDovL3d3dy53My5vcmcvMjAwMC9zdmciPjwvc3ZnPg==\" style=\"--smush-placeholder-width: 1024px; --smush-placeholder-aspect-ratio: 1024\/685;\" \/><figcaption class=\"wp-element-caption\"><strong><span class=\"has-inline-color has-vivid-cyan-blue-color\">Etappe 6: Disposez le tartare soit enti\u00e8rement sur une assiette de service, soit en portions directement sur les assiettes.<\/span><\/strong><\/figcaption><\/figure>\n\n\n\n<div class=\"wp-block-buttons is-layout-flex wp-block-buttons-is-layout-flex\">\n<div class=\"wp-block-button is-style-outline is-style-outline--6\"><a class=\"wp-block-button__link wp-element-button\" href=\"https:\/\/dandys.lima-city.ch\/shop\/\" target=\"_blank\" rel=\"https:\/\/dandys.lima-city.ch\/shop\/ noopener noreferrer\">Acheter au shop avec 15% de rabais avec le code 37GV9VG7<\/a><\/div>\n<\/div>\n\n\n\n<p><\/p>\n\n\n<p><script data-ad-client=\"ca-pub-6406795549149219\" async=\"\" src=\"https:\/\/pagead2.googlesyndication.com\/pagead\/js\/adsbygoogle.js\"><\/script><\/p>\n\n\n<hr class=\"wp-block-separator has-alpha-channel-opacity\"\/>\n\n\n\n<script async=\"\" src=\"https:\/\/pagead2.googlesyndication.com\/pagead\/js\/adsbygoogle.js?client=ca-pub-6406795549149219\" crossorigin=\"anonymous\"><\/script>\r\n<!-- adsense@dandys -->\r\n<ins class=\"adsbygoogle\" style=\"display:block\" data-ad-client=\"ca-pub-6406795549149219\" data-ad-slot=\"5231249023\" data-ad-format=\"auto\" data-full-width-responsive=\"true\"><\/ins>\r\n<script>\r\n     (adsbygoogle = window.adsbygoogle || []).push({});\r\n<\/script>\n\n\n\n<h6 class=\"wp-block-heading has-text-align-center\">Werbung \/ Pub<\/h6>\n<div id=\"dandy-1560313275\" class=\"dandy-nach-dem-inhalt dandy-entity-placement\"><script async src=\"https:\/\/pagead2.googlesyndication.com\/pagead\/js\/adsbygoogle.js?client=ca-pub-6406795549149219\"\r\n     crossorigin=\"anonymous\"><\/script><\/div>","protected":false},"excerpt":{"rendered":"<p>Werbung \/ Pub Die einfachste Art der Welt ein Beef Steak Tartar zu Hause selber zuzubereiten &#8211; hier das Rezept dazu: Mit D&#8217;anDy&#8217;s Beef Steak Tartar Sauce: einfach &#8211; sicher &#8211; gut Schritt 1 des Rezeptes Schritt 2 des Rezeptes Schritt 3 des Rezeptes Schritt 4 des Rezeptes Schritt 5 des Rezeptes Schritt 6 des&hellip; <br \/> <a class=\"read-more\" href=\"https:\/\/dandys.ch\/fr\/beef-steak-tartar-rezept\/\">Lire la suite<\/a><\/p>","protected":false},"author":1,"featured_media":0,"parent":0,"menu_order":0,"comment_status":"closed","ping_status":"closed","template":"","meta":{"footnotes":""},"class_list":["post-4224","page","type-page","status-publish","hentry"],"_links":{"self":[{"href":"https:\/\/dandys.ch\/fr\/wp-json\/wp\/v2\/pages\/4224","targetHints":{"allow":["GET"]}}],"collection":[{"href":"https:\/\/dandys.ch\/fr\/wp-json\/wp\/v2\/pages"}],"about":[{"href":"https:\/\/dandys.ch\/fr\/wp-json\/wp\/v2\/types\/page"}],"author":[{"embeddable":true,"href":"https:\/\/dandys.ch\/fr\/wp-json\/wp\/v2\/users\/1"}],"replies":[{"embeddable":true,"href":"https:\/\/dandys.ch\/fr\/wp-json\/wp\/v2\/comments?post=4224"}],"version-history":[{"count":27,"href":"https:\/\/dandys.ch\/fr\/wp-json\/wp\/v2\/pages\/4224\/revisions"}],"predecessor-version":[{"id":21806,"href":"https:\/\/dandys.ch\/fr\/wp-json\/wp\/v2\/pages\/4224\/revisions\/21806"}],"wp:attachment":[{"href":"https:\/\/dandys.ch\/fr\/wp-json\/wp\/v2\/media?parent=4224"}],"curies":[{"name":"wp","href":"https:\/\/api.w.org\/{rel}","templated":true}]}}