{"id":4506,"date":"2020-10-11T08:09:08","date_gmt":"2020-10-11T08:09:08","guid":{"rendered":"https:\/\/dandys.lima-city.ch\/?page_id=4506"},"modified":"2026-03-14T07:49:01","modified_gmt":"2026-03-14T07:49:01","slug":"infos-zu-inhalt-und-allergie-potential","status":"publish","type":"page","link":"https:\/\/dandys.ch\/fr\/infos-zu-inhalt-und-allergie-potential\/","title":{"rendered":"Informations sur le contenu et le potentiel allergique"},"content":{"rendered":"\n<h6 class=\"wp-block-heading has-text-align-center\">Werbung \/ Pub<\/h6>\n\n\n\n<script async=\"\" src=\"https:\/\/pagead2.googlesyndication.com\/pagead\/js\/adsbygoogle.js?client=ca-pub-6406795549149219\" crossorigin=\"anonymous\"><\/script>\r\n<!-- adsense@dandys -->\r\n<ins class=\"adsbygoogle\" style=\"display:block\" data-ad-client=\"ca-pub-6406795549149219\" data-ad-slot=\"5231249023\" data-ad-format=\"auto\" data-full-width-responsive=\"true\"><\/ins>\r\n<script>\r\n     (adsbygoogle = window.adsbygoogle || []).push({});\r\n<\/script>\n\n\n\n<hr class=\"wp-block-separator has-alpha-channel-opacity\"\/>\n\n\n\n<p>Produkte mit Allergie-Potential sind in <strong>Fettschrift <\/strong>gekennzeichnet<\/p>\n\n\n\n<h2 class=\"wp-block-heading\"><strong>D&#8217;anDy&#8217;s Steak Tartar Sauce ist aus folgenden Zutaten zusammengesetzt<\/strong><\/h2>\n\n\n\n<p>Essiggurken, Zwiebeln, Ketchup<sup>#<\/sup>, Kapern, Senf<sup>#<\/sup>, \u00d6l, Schnittlauch, Sardellen [<strong>Fisch<\/strong>], Aromat<sup>#<\/sup>, Zitronensaft, Worcester<sup>#<\/sup>, Salz, Sambaloelek<sup>#<\/sup>, Tabasco<sup>#<\/sup>, Div. Gew\u00fcrze<\/p>\n\n\n\n<p>#Details der zusammengesetzten Produkte siehe nachfolgende Liste<\/p>\n\n\n\n<h2 class=\"wp-block-heading\"><strong>Details zusammengesetzter Produkte<\/strong><\/h2>\n\n\n\n<p>Produkte mit Allergie-Potential sind in <strong>Fettschrift <\/strong>gekennzeichnet<\/p>\n\n\n\n<p>Ketchup: Tomaten, Branntweinessig, Zucker, Salz, Gew\u00fcrz und Kr\u00e4uterextrakte [enth\u00e4lt <strong>Sellerie<\/strong>], Gew\u00fcrz<\/p>\n\n\n\n<p>Senf: Branntweinessig, Wasser, <strong>Senfk\u00f6rner<\/strong> [CA] Kochsalz, Zucker, Gew\u00fcrze, Verdickungsmittel [Guarkernmehl], Gew\u00fcrzextrakte, S\u00e4uerungsmittel [Zitronens\u00e4ure, Weins\u00e4ure]<\/p>\n\n\n\n<p>Aromat: Jodiertes Speisesalz, Geschmacksverst\u00e4rker [Mononatriumglutamat], <strong>Milchzucker, Weizenst\u00e4rke<\/strong>, Hefeextrakt, Zwiebelpulver, pflanzliche \u00d6le [Palm, Sonnenblume], Speisesalz, Gew\u00fcrze [mit <strong>Sellerie<\/strong>], Steinpilzpulver, Butterpilzpulver, Lorbeerbl\u00e4tter, Kann Spuren von Ei und Senf enthalten<\/p>\n\n\n\n<p>Worcester: Malzessig [aus <strong>Gerste<\/strong>], Branntweinessig, Melasse, Zucker, Salz, Sardellen [<strong>Fisch<\/strong>], Tamarindenextrakt, Zwiebeln, Knoblauch, Gew\u00fcrze, Aromen<\/p>\n\n\n\n<p>Sambaloelek: Frische Pfefferschoten, Kochsalz, Wasser, S\u00e4uerungsmittel, Essigs\u00e4ure, Konservierungsmittel E211<\/p>\n\n\n\n<p>Tabasco: Rote Chilischoten, Branntweinessig, Salz<\/p>\n\n\n\n<p>(C) by D&#8217;anDy&#8217;s Steak Tartar Sauce &#8211; Daniel Sauterel &#8211; 1700 Fribourg &#8211; kontakt@dandys.lima-city.ch<\/p>\n\n\n\n<hr class=\"wp-block-separator has-alpha-channel-opacity\"\/>\n\n\n\n<script async=\"\" src=\"https:\/\/pagead2.googlesyndication.com\/pagead\/js\/adsbygoogle.js?client=ca-pub-6406795549149219\" crossorigin=\"anonymous\"><\/script>\n<!-- adsense@dandys -->\n<ins class=\"adsbygoogle\" style=\"display:block\" data-ad-client=\"ca-pub-6406795549149219\" data-ad-slot=\"5231249023\" data-ad-format=\"auto\" data-full-width-responsive=\"true\"><\/ins>\n<script>\n     (adsbygoogle = window.adsbygoogle || []).push({});\n<\/script>\n\n\n\n<h6 class=\"wp-block-heading has-text-align-center\">Werbung \/ Pub<\/h6>\n<div id=\"dandy-3633556321\" class=\"dandy-nach-dem-inhalt dandy-entity-placement\"><script async src=\"https:\/\/pagead2.googlesyndication.com\/pagead\/js\/adsbygoogle.js?client=ca-pub-6406795549149219\"\r\n     crossorigin=\"anonymous\"><\/script><\/div>","protected":false},"excerpt":{"rendered":"<p>Werbung \/ Pub Produkte mit Allergie-Potential sind in Fettschrift gekennzeichnet D&#8217;anDy&#8217;s Steak Tartar Sauce ist aus folgenden Zutaten zusammengesetzt Essiggurken, Zwiebeln, Ketchup#, Kapern, Senf#, \u00d6l, Schnittlauch, Sardellen [Fisch], Aromat#, Zitronensaft, Worcester#, Salz, Sambaloelek#, Tabasco#, Div. Gew\u00fcrze #Details der zusammengesetzten Produkte siehe nachfolgende Liste Details zusammengesetzter Produkte Produkte mit Allergie-Potential sind in Fettschrift gekennzeichnet Ketchup: Tomaten,&hellip; <br \/> <a class=\"read-more\" href=\"https:\/\/dandys.ch\/fr\/infos-zu-inhalt-und-allergie-potential\/\">Lire la suite<\/a><\/p>\n","protected":false},"author":1,"featured_media":0,"parent":0,"menu_order":0,"comment_status":"closed","ping_status":"closed","template":"","meta":{"footnotes":""},"class_list":["post-4506","page","type-page","status-publish","hentry"],"_links":{"self":[{"href":"https:\/\/dandys.ch\/fr\/wp-json\/wp\/v2\/pages\/4506","targetHints":{"allow":["GET"]}}],"collection":[{"href":"https:\/\/dandys.ch\/fr\/wp-json\/wp\/v2\/pages"}],"about":[{"href":"https:\/\/dandys.ch\/fr\/wp-json\/wp\/v2\/types\/page"}],"author":[{"embeddable":true,"href":"https:\/\/dandys.ch\/fr\/wp-json\/wp\/v2\/users\/1"}],"replies":[{"embeddable":true,"href":"https:\/\/dandys.ch\/fr\/wp-json\/wp\/v2\/comments?post=4506"}],"version-history":[{"count":15,"href":"https:\/\/dandys.ch\/fr\/wp-json\/wp\/v2\/pages\/4506\/revisions"}],"predecessor-version":[{"id":21807,"href":"https:\/\/dandys.ch\/fr\/wp-json\/wp\/v2\/pages\/4506\/revisions\/21807"}],"wp:attachment":[{"href":"https:\/\/dandys.ch\/fr\/wp-json\/wp\/v2\/media?parent=4506"}],"curies":[{"name":"wp","href":"https:\/\/api.w.org\/{rel}","templated":true}]}}