{"id":50,"date":"2019-09-01T15:54:07","date_gmt":"2019-09-01T15:54:07","guid":{"rendered":"http:\/\/beta.dandys.lima-city.ch\/mesmerize\/"},"modified":"2026-04-17T04:33:02","modified_gmt":"2026-04-17T04:33:02","slug":"mesmerize","status":"publish","type":"page","link":"https:\/\/dandys.ch\/fr\/","title":{"rendered":"D&#8217;anDy&#8217;s Beef Steak Tartar Sauce"},"content":{"rendered":"<div  id=\"overlappable-1\" class=\"overlappable-4 content-section content-section-spacing\" style=\"background-color: rgba(255, 255, 255, 0); background-image: none; background-size: cover; background-position: center top;\" data-label=\"Overlappable\" data-id=\"overlappable--1\" data-export-id=\"overlappable-4\" data-category=\"overlappable\" data-overlap=\"true\">\n<div  class=\"gridContainer\">\n<div  class=\"row spaced-cols text-center\" data-type=\"row\">\n<div  class=\"col-xs-12 col-sm-4 col-padding\"><a data-cp-link=\"1\" href=\"https:\/\/dandys.ch\/shop\" target=\"_blank\" rel=\"noopener\" class=\"\"><i  class=\"fa icon shadow-large-black aligncenter fa-shopping-basket reverse round large color1\"><\/i><\/a>\n<div  class=\"\" data-type=\"column\">\n<h5  class=\"\">120gr Rindfleisch\u2026<\/h5>\n<a class=\"\" href=\"https:\/\/dandys.lima-city.ch\/shop\" target=\"_self\" rel=\"noopener noreferrer\" data-cp-link=\"1\"><img  data-recalc-dims=\"1\" decoding=\"async\" class=\"custom-image jetpack-lazy-image jetpack-lazy-image--handled\" title=\"cropped-step1-1.jpg\" src=\"https:\/\/i0.wp.com\/www.dandys.lima-city.ch\/wp-content\/uploads\/2019\/09\/cropped-step1-1.jpg?w=3840&amp;ssl=1\" alt=\"\" data-lazy-loaded=\"1\"><\/a>\n<p  class=\"\">Kaufen Sie 120 gr frisches rohes, von Hand gehacktes Rindfleisch Ihrer Wahl\u2026<\/p>\n\n<\/div>\n<\/div>\n<div  class=\"col-xs-12 col-sm-4 col-padding\"><a data-cp-link=\"1\" href=\"https:\/\/dandys.ch\/shop\" target=\"_blank\" rel=\"noopener\" class=\"\"><i  class=\"fa icon shadow-large-black aligncenter fa-american-sign-language-interpreting reverse round large color1\"><\/i><\/a>\n<div  class=\"\" data-type=\"column\">\n<h5  class=\"\">\u2026mit 1 Portion mischen\u2026<\/h5>\n<a class=\"\" href=\"https:\/\/dandys.lima-city.ch\/shop\" target=\"_self\" rel=\"noopener noreferrer\" data-cp-link=\"1\"><img  data-recalc-dims=\"1\" decoding=\"async\" class=\"custom-image jetpack-lazy-image jetpack-lazy-image--handled\" title=\"cropped-step2-1.jpg\" src=\"https:\/\/i0.wp.com\/www.dandys.lima-city.ch\/wp-content\/uploads\/2019\/09\/cropped-step2-1.jpg?w=3840&amp;ssl=1\" alt=\"\" data-lazy-loaded=\"1\"><\/a>\n<p  class=\"\">\u2026und vermengen Sie das Ganze zu einer gleichm\u00e4ssigen Masse.<\/p>\n\n<\/div>\n<\/div>\n<div  class=\"col-xs-12 col-sm-4 col-padding\"><a data-cp-link=\"1\" href=\"https:\/\/dandys.ch\/shop\" target=\"_blank\" rel=\"noopener\" class=\"\"><i  class=\"fa icon shadow-large-black aligncenter fa-heart-o reverse round large color1\"><\/i><\/a>\n<div  class=\"\" data-type=\"column\">\n<h5  class=\"\">\u2026und GENIESSEN !<\/h5>\n<a class=\"\" href=\"https:\/\/dandys.lima-city.ch\/shop\" target=\"_self\" rel=\"noopener noreferrer\" data-cp-link=\"1\"><img  data-recalc-dims=\"1\" decoding=\"async\" class=\"custom-image jetpack-lazy-image jetpack-lazy-image--handled\" title=\"cropped-tartare_base-2.jpg\" src=\"https:\/\/i0.wp.com\/www.dandys.lima-city.ch\/wp-content\/uploads\/2019\/09\/cropped-tartare_base-2.jpg?w=3840&amp;ssl=1\" alt=\"\" data-lazy-loaded=\"1\"><\/a>\n<p  class=\"\">Richten Sie das Tartar entweder ganz auf einer Servierplatte oder als Portionen direkt auf den Tellern an.<\/p>\n\n\n<\/div>\n<\/div>\n<\/div>\n<\/div>\n<\/div><div  data-label=\"Woocommerce\" data-id=\"woocommerce--1\" data-export-id=\"woocommerce-section-shadowed-image\" data-category=\"woocommerce\" class=\"woocommerce-section woocommerce-section-shadowed-image content-section content-section-spacing\" id=\"woocommerce-1\" style=\"background-color: rgba(255, 255, 255, 0); background-image: none;\" data-section-ov=\"1\"><div  class=\"gridContainer\"> <div  class=\"row\"><div  data-type=\"column\" class=\"section-title-col\">  <\/div> <\/div> <div  class=\"row\"> <div  data-content-shortcode=\"mesmerize_display_woocommerce_items template_slug=&quot;pro\/template-parts\/woo-shadowed&quot; custom=&quot;true&quot; products_number=&quot;3&quot; categories=&quot;&quot; tags=&quot;&quot; order_by=&quot;null&quot; order=&quot;DESC&quot; products=&quot;171,34,48&quot; \" data-editable=\"true\" data-type=\"row\" data-dynamic-columns=\"handled\"><div class=\"woocommerce in-section\">\n        <ul class=\"products columns-4\">\n\n        \n            \n<li class=\"col-xs-12 post-171 product type-product status-publish has-post-thumbnail product_cat-sauce col-md-3 col-sm-6 in-page-section first instock sold-individually taxable shipping-taxable purchasable product-type-simple\" >\n    <a href=\"https:\/\/dandys.ch\/fr\/produit\/einzelportion-75gr-probeportion-chf-1\/\" class=\"woocommerce-LoopProduct-link woocommerce-loop-product__link\">        <div data-hover-fx=\"woocommerce-shadowed-1\" class=\"contentswap-effect visible woocommerce-shadowed-1\">\n        <div class=\"initial-image\">\n            <img data-recalc-dims=\"1\" decoding=\"async\" data-size=\"500x500\" data-src=\"https:\/\/i0.wp.com\/dandys.ch\/wp-content\/uploads\/2019\/09\/Einzelportion.png?w=3840&#038;ssl=1\" src=\"data:image\/svg+xml;base64,PHN2ZyB3aWR0aD0iMSIgaGVpZ2h0PSIxIiB4bWxucz0iaHR0cDovL3d3dy53My5vcmcvMjAwMC9zdmciPjwvc3ZnPg==\" class=\"lazyload\">\n        <\/div>\n        <div class=\"overlay\"><\/div>\n        <div class=\"swap-inner col-xs-12\">\n            <div class=\"row  full-height-row bottom-xs\">\n                <div class=\"col-xs-12 text-center content-holder\">\n                    <h4 class=\"color-white font-500\">Einzelportion (75gr) Probeportion CHF 1.-*<\/h4>\n                    <p class=\"small color-white\" style=\"font-style:italic\">\n                                                    <span class=\"price\"><span class=\"woocommerce-Price-amount amount\"><bdi><span class=\"woocommerce-Price-currencySymbol\">&#67;&#72;&#70;<\/span>&nbsp;1.00<\/bdi><\/span><\/span>\n                                            <\/p>\n                <\/div>\n            <\/div>\n        <\/div>\n    <\/div>\n    <\/a><\/li>\n\n        \n            \n<li class=\"col-xs-12 post-34 product type-product status-publish has-post-thumbnail product_cat-sauce col-md-3 col-sm-6 in-page-section  instock taxable shipping-taxable purchasable product-type-simple\" >\n    <a href=\"https:\/\/dandys.ch\/fr\/produit\/einzelportion-75gr\/\" class=\"woocommerce-LoopProduct-link woocommerce-loop-product__link\">        <div data-hover-fx=\"woocommerce-shadowed-1\" class=\"contentswap-effect visible woocommerce-shadowed-1\">\n        <div class=\"initial-image\">\n            <img data-recalc-dims=\"1\" decoding=\"async\" data-size=\"500x500\" data-src=\"https:\/\/i0.wp.com\/dandys.ch\/wp-content\/uploads\/2019\/09\/Einzelportion.png?w=3840&#038;ssl=1\" src=\"data:image\/svg+xml;base64,PHN2ZyB3aWR0aD0iMSIgaGVpZ2h0PSIxIiB4bWxucz0iaHR0cDovL3d3dy53My5vcmcvMjAwMC9zdmciPjwvc3ZnPg==\" class=\"lazyload\">\n        <\/div>\n        <div class=\"overlay\"><\/div>\n        <div class=\"swap-inner col-xs-12\">\n            <div class=\"row  full-height-row bottom-xs\">\n                <div class=\"col-xs-12 text-center content-holder\">\n                    <h4 class=\"color-white font-500\">Einzelportion (75gr)<\/h4>\n                    <p class=\"small color-white\" style=\"font-style:italic\">\n                                                    <span class=\"price\"><span class=\"woocommerce-Price-amount amount\"><bdi><span class=\"woocommerce-Price-currencySymbol\">&#67;&#72;&#70;<\/span>&nbsp;3.50<\/bdi><\/span><\/span>\n                                            <\/p>\n                <\/div>\n            <\/div>\n        <\/div>\n    <\/div>\n    <\/a><\/li>\n\n        \n        <\/ul>\n\n        \n        <\/div><\/div><\/div> <div  class=\"row\"><div  class=\"text-center\"> <a class=\"button color-white\" data-attr-shortcode=\"href:mesmerize_woocommerce_shop_url\" href=\"https:\/\/dandys.ch\/fr\/shop\/\" data-icon=\"\"><\/a><\/div> <\/div><\/div><\/div><div  id=\"cta-1\" class=\"cta-blue-section content-section content-section-spacing-medium bg-color1 white-text\" data-label=\"Cta\" data-id=\"cta--1\" data-export-id=\"cta-blue-section\" data-category=\"cta\">\n<div  class=\"gridContainer\">\n<div  class=\"row middle-xs\">\n<div  class=\"col-sm-8 space-bottom-xs\" data-type=\"column\">\n<h2  class=\"\">Varianten und Verfeinern siehe unter\u2026<\/h2>\n<\/div>\n<div  class=\"col-sm-4 end-sm\" data-type=\"column\"><a class=\"button color2\" href=\"https:\/\/dandys.lima-city.ch\/beef-steak-tartar-rezept\" target=\"_self\" rel=\"noopener noreferrer\" data-cp-link=\"1\">BEEF STEAK TARTAR REZEPT<\/a><\/div>\n<\/div>\n<\/div>\n<\/div><div  data-label=\"Latest-news\" data-id=\"latest_news--1\" data-export-id=\"blog-section\" data-category=\"latest_news\" class=\"blog-section blog-section-standard content-section content-section-spacing\" id=\"latest_news-1\" style=\"background-color: rgb(245, 250, 253);\"><div  class=\"gridContainer\"> <div  class=\"row\"><div  data-type=\"column\" class=\"section-title-col\"> <h2  class=\"\">Latest News<\/h2> <\/div> <\/div> <div  class=\"row\"> <div  data-type=\"row\" data-dynamic-columns=\"handled\" data-content-shortcode=\"mesmerize_latest_news\">\t\t<div class=\"row center-sm content-left-sm\">\n\t\t\t\t\t<div id=\"post-21895\" class=\"col-sm-6 col-md-4 space-bottom space-bottom-xs\">\n\t\t\t\t<div class=\"post-content card y-move bordered\">\n\t\t\t\t\t<div class=\"post-thumbnail\">\n   <a href=\"https:\/\/dandys.ch\/fr\/so-bekommen-sie-die-sauce-leichter-aus-dem-portionsbeutel\/\" class=\"post-list-item-thumb \">\n      <img decoding=\"async\" width=\"1024\" height=\"685\" data-src=\"https:\/\/i0.wp.com\/dandys.ch\/wp-content\/uploads\/2020\/07\/step2-1.jpg?fit=1024%2C685&amp;ssl=1\" class=\"attachment-post-thumbnail size-post-thumbnail wp-post-image lazyload\" alt=\"\" data-srcset=\"https:\/\/i0.wp.com\/dandys.ch\/wp-content\/uploads\/2020\/07\/step2-1.jpg?w=1920&amp;ssl=1 1920w, https:\/\/i0.wp.com\/dandys.ch\/wp-content\/uploads\/2020\/07\/step2-1.jpg?resize=600%2C402&amp;ssl=1 600w, https:\/\/i0.wp.com\/dandys.ch\/wp-content\/uploads\/2020\/07\/step2-1.jpg?resize=300%2C201&amp;ssl=1 300w, https:\/\/i0.wp.com\/dandys.ch\/wp-content\/uploads\/2020\/07\/step2-1.jpg?resize=1024%2C685&amp;ssl=1 1024w, https:\/\/i0.wp.com\/dandys.ch\/wp-content\/uploads\/2020\/07\/step2-1.jpg?resize=768%2C514&amp;ssl=1 768w, https:\/\/i0.wp.com\/dandys.ch\/wp-content\/uploads\/2020\/07\/step2-1.jpg?resize=1536%2C1028&amp;ssl=1 1536w, https:\/\/i0.wp.com\/dandys.ch\/wp-content\/uploads\/2020\/07\/step2-1.jpg?resize=1614%2C1080&amp;ssl=1 1614w\" data-sizes=\"(max-width: 1024px) 100vw, 1024px\" src=\"data:image\/svg+xml;base64,PHN2ZyB3aWR0aD0iMSIgaGVpZ2h0PSIxIiB4bWxucz0iaHR0cDovL3d3dy53My5vcmcvMjAwMC9zdmciPjwvc3ZnPg==\" style=\"--smush-placeholder-width: 1024px; --smush-placeholder-aspect-ratio: 1024\/685;\" \/>   <\/a>\n<\/div>\n\t\t\t\t\t<div class=\"col-padding col-padding-xs\">\n\t\t\t\t\t\t<h3 class=\"post-title space-bottom-small\">\n\t\t\t\t\t\t\t<a href=\"https:\/\/dandys.ch\/fr\/so-bekommen-sie-die-sauce-leichter-aus-dem-portionsbeutel\/\" rel=\"bookmark\">\n\t\t\t\t\t\t\t\tSo bekommen Sie die Sauce leichter aus dem Portionsbeutel f\u00fcr ihr geliebtes Beef Steak Tartar\t\t\t\t\t\t\t<\/a>\n\t\t\t\t\t\t<\/h3>\n\t\t\t\t\t\t<p>Portionsbeutel sind praktisch \u2013 aber oft bleibt ein Teil der Sauce darin h\u00e4ngen.Ein einfacher Trick hilft: Legen Sie den Beutel f\u00fcr 2\u20133 Minuten ins Gefrierfach.Die Sauce wird etwas fester und[&hellip;]<\/p>\n\t\t\t\t\t\t<a class=\"read-more link\" href=\"https:\/\/dandys.ch\/fr\/so-bekommen-sie-die-sauce-leichter-aus-dem-portionsbeutel\/\">\n\t\t\t\t\t\t\tRead more\t\t\t\t\t\t<\/a>\n\t\t\t\t\t<\/div>\n\t\t\t\t<\/div>\n\t\t\t<\/div>\n\t\t\t\t\t\t<div id=\"post-21845\" class=\"col-sm-6 col-md-4 space-bottom space-bottom-xs\">\n\t\t\t\t<div class=\"post-content card y-move bordered\">\n\t\t\t\t\t<div class=\"post-thumbnail\">\n   <a href=\"https:\/\/dandys.ch\/fr\/oster-betriebsferien-vom-31-maerz-2026-bis-19-april-2026\/\" class=\"post-list-item-thumb \">\n      <img decoding=\"async\" width=\"829\" height=\"649\" data-src=\"https:\/\/i0.wp.com\/dandys.ch\/wp-content\/uploads\/2026\/03\/Osterferien_2026.png?fit=829%2C649&amp;ssl=1\" class=\"attachment-post-thumbnail size-post-thumbnail wp-post-image lazyload\" alt=\"\" data-srcset=\"https:\/\/i0.wp.com\/dandys.ch\/wp-content\/uploads\/2026\/03\/Osterferien_2026.png?w=829&amp;ssl=1 829w, https:\/\/i0.wp.com\/dandys.ch\/wp-content\/uploads\/2026\/03\/Osterferien_2026.png?resize=300%2C235&amp;ssl=1 300w, https:\/\/i0.wp.com\/dandys.ch\/wp-content\/uploads\/2026\/03\/Osterferien_2026.png?resize=768%2C601&amp;ssl=1 768w, https:\/\/i0.wp.com\/dandys.ch\/wp-content\/uploads\/2026\/03\/Osterferien_2026.png?resize=15%2C12&amp;ssl=1 15w, https:\/\/i0.wp.com\/dandys.ch\/wp-content\/uploads\/2026\/03\/Osterferien_2026.png?resize=600%2C470&amp;ssl=1 600w\" data-sizes=\"(max-width: 829px) 100vw, 829px\" src=\"data:image\/svg+xml;base64,PHN2ZyB3aWR0aD0iMSIgaGVpZ2h0PSIxIiB4bWxucz0iaHR0cDovL3d3dy53My5vcmcvMjAwMC9zdmciPjwvc3ZnPg==\" style=\"--smush-placeholder-width: 829px; --smush-placeholder-aspect-ratio: 829\/649;\" \/>   <\/a>\n<\/div>\n\t\t\t\t\t<div class=\"col-padding col-padding-xs\">\n\t\t\t\t\t\t<h3 class=\"post-title space-bottom-small\">\n\t\t\t\t\t\t\t<a href=\"https:\/\/dandys.ch\/fr\/oster-betriebsferien-vom-31-maerz-2026-bis-19-april-2026\/\" rel=\"bookmark\">\n\t\t\t\t\t\t\t\tOster-\/Betriebsferien vom 31.M\u00e4rz 2026 bis 19. April 2026.\t\t\t\t\t\t\t<\/a>\n\t\t\t\t\t\t<\/h3>\n\t\t\t\t\t\t<p>Oster-\/Betriebsferien vom 31.M\u00e4rz 2026 bis 19. April 2026. Bestellungen in dieser Zeit werden am Montag, 20. April 2026 versandt.<\/p>\n\t\t\t\t\t\t<a class=\"read-more link\" href=\"https:\/\/dandys.ch\/fr\/oster-betriebsferien-vom-31-maerz-2026-bis-19-april-2026\/\">\n\t\t\t\t\t\t\tRead more\t\t\t\t\t\t<\/a>\n\t\t\t\t\t<\/div>\n\t\t\t\t<\/div>\n\t\t\t<\/div>\n\t\t\t\t\t\t<div id=\"post-21804\" class=\"col-sm-6 col-md-4 space-bottom space-bottom-xs\">\n\t\t\t\t<div class=\"post-content card y-move bordered\">\n\t\t\t\t\t<div class=\"post-thumbnail\">\n   <a href=\"https:\/\/dandys.ch\/fr\/beef-steak-tartar-richtig-wuerzen-so-gelingt-der-klassiker\/\" class=\"post-list-item-thumb \">\n      <img decoding=\"async\" width=\"282\" height=\"259\" data-src=\"https:\/\/i0.wp.com\/dandys.ch\/wp-content\/uploads\/2026\/03\/Gewuerze.png?fit=282%2C259&amp;ssl=1\" class=\"attachment-post-thumbnail size-post-thumbnail wp-post-image lazyload\" alt=\"Steak Tartar richtig w\u00fcrzen\" data-srcset=\"https:\/\/i0.wp.com\/dandys.ch\/wp-content\/uploads\/2026\/03\/Gewuerze.png?w=282&amp;ssl=1 282w, https:\/\/i0.wp.com\/dandys.ch\/wp-content\/uploads\/2026\/03\/Gewuerze.png?resize=13%2C12&amp;ssl=1 13w\" data-sizes=\"(max-width: 282px) 100vw, 282px\" src=\"data:image\/svg+xml;base64,PHN2ZyB3aWR0aD0iMSIgaGVpZ2h0PSIxIiB4bWxucz0iaHR0cDovL3d3dy53My5vcmcvMjAwMC9zdmciPjwvc3ZnPg==\" style=\"--smush-placeholder-width: 282px; --smush-placeholder-aspect-ratio: 282\/259;\" \/>   <\/a>\n<\/div>\n\t\t\t\t\t<div class=\"col-padding col-padding-xs\">\n\t\t\t\t\t\t<h3 class=\"post-title space-bottom-small\">\n\t\t\t\t\t\t\t<a href=\"https:\/\/dandys.ch\/fr\/beef-steak-tartar-richtig-wuerzen-so-gelingt-der-klassiker\/\" rel=\"bookmark\">\n\t\t\t\t\t\t\t\tBeef Steak Tartar richtig w\u00fcrzen \u2013 so gelingt der Klassiker\t\t\t\t\t\t\t<\/a>\n\t\t\t\t\t\t<\/h3>\n\t\t\t\t\t\t<p>Wie w\u00fcrzt man Beef Steak Tartar richtig? Erfahre, welche Zutaten typisch sind und wie du mit der richtigen Balance ein perfektes Tartar zubereitest.<\/p>\n\t\t\t\t\t\t<a class=\"read-more link\" href=\"https:\/\/dandys.ch\/fr\/beef-steak-tartar-richtig-wuerzen-so-gelingt-der-klassiker\/\">\n\t\t\t\t\t\t\tRead more\t\t\t\t\t\t<\/a>\n\t\t\t\t\t<\/div>\n\t\t\t\t<\/div>\n\t\t\t<\/div>\n\t\t\t\t<\/div>\n\t<\/div><\/div> <div  class=\"row\"><div  class=\"text-center\"> <a class=\"button color1\" data-attr-shortcode=\"href:mesmerize_blog_link\" href=\"https:\/\/dandys.ch\/fr\/news\/\">SEE ALL BLOG POSTS<\/a><\/div> <\/div><\/div><\/div><div  id=\"features-1\" class=\"features-13 content-section content-section-spacing\" style=\"background-color: #f5fafd;\" data-label=\"Features\" data-id=\"features--1\" data-export-id=\"features-13-card-bordered\" data-category=\"features\">\n<div >\n<div  class=\"row text-center\">\n<div  class=\"section-title-col\" data-type=\"column\">\n<h2  class=\"\">So funktioniert\u2019s<\/h2>\n<p  class=\"lead\">Sie besorgen das Fleisch\u2013 wir liefern die Sauce.<\/p>\nDa kann nichts schief gehen!\n\n<\/div>\n<\/div>\n<div  class=\"row spaced-cols content-center-sm\" data-type=\"row\">\n<div  class=\"col-sm-4 col-md-4 \">\n<div  class=\"card bordered y-move\" data-type=\"column\"><i  class=\"fa icon color1 fa-magic reverse round big\"><\/i>\n<p  class=\"\"><\/p>\n<p  class=\"\"><\/p>\n\n<h4  class=\"\">EINFACH<\/h4>\n<p  class=\"\">Mit D\u2019anDy\u2019s SteakTartar-Sauce kann jeder ein gelungenes Essen auf den Tisch zaubern. Die Zubereitung ist einfach und nimmt wenig Zeit in Anspruch.<\/p>\n<a class=\"button blue\" href=\"https:\/\/dandys.lima-city.ch\/shop\" target=\"_self\" rel=\"noopener noreferrer\" data-cp-link=\"1\">JETZT BESTELLEN<\/a>\n\n<\/div>\n<\/div>\n<div  class=\"col-sm-4 col-md-4 \">\n<div  class=\"card bordered y-move\" data-type=\"column\"><i  class=\"fa icon color1 fa-life-saver reverse round big\"><\/i>\n<p  class=\"\"><\/p>\n<p  class=\"\"><\/p>\n\n<h4  class=\"\">SICHER<\/h4>\n<p  class=\"\">Die Zutaten der Sauce sind lange haltbar und dank der vakuumverpackten Einzelportionen gibt es auch keine unn\u00f6tigen Reste.<\/p>\n\n<\/div>\n<\/div>\n<div  class=\"col-sm-4 col-md-4 \">\n<div  class=\"card bordered y-move\" data-type=\"column\"><i  class=\"fa icon color1 fa-thumbs-up reverse round big\"><\/i>\n<p  class=\"\"><\/p>\n<p  class=\"\"><\/p>\n\n<h4  class=\"\">GUT<\/h4>\n<p  class=\"\">Das streng beh\u00fctete Rezept unser Sauce garantiert ein perfektes Gelingen sowie einen erstklassigen Geschmack.<\/p>\n\n<\/div>\n<\/div>\n<\/div>\n<\/div>\n<\/div><div  id=\"features-2\" class=\"features-12-card-bordered content-section content-section-spacing \" style=\"background-color: #ffffff; background-image: none;\" data-label=\"Features\" data-id=\"features--2\" data-export-id=\"features-12-card-bordered\" data-category=\"features\">\n<div >\n<div  class=\"row text-center\">\n<div  class=\"section-title-col\" data-type=\"column\"><\/div>\n<\/div>\n<div  class=\"row spaced-cols content-left-sm\" data-type=\"row\">\n<div  class=\"col-sm-6 col-md-6 \">\n<div  class=\"card row-card bordered y-move\">\n<div  class=\"row\">\n<div  class=\"col-sm-fit icon-column\"><\/div>\n<div  class=\"col-sm\" data-type=\"column\">\n<h5  class=\"color2\">Hausgemachte Herstellung<\/h5>\n<p  class=\"\">Was f\u00fcr Restaurants und den Heimgebrauch oft zu aufwendig ist, stellt f\u00fcr uns ein Vergn\u00fcgen dar. Die Zubereitung von D\u2019anDy\u2019s Steak Tartar Sauce unterscheidet sich im Vergleich zu den gewohnten Steak Tartar Rezepten durch die speziell ausgew\u00e4hlten und auf einander abgestimmten Gew\u00fcrze.<\/p>\n<p  class=\"\">Ausserdem verwenden wir Essiggurken, Zwiebeln, Kapern, Sardellen, Petersilie, \u00d6l, Zitronensaft und zaubern daraus abgestimmt auf das Bestellvolumen laufend frische Sauce.<\/p>\n<a class=\"button blue\" href=\"https:\/\/dandys.lima-city.ch\/shop\" target=\"_self\" rel=\"noopener noreferrer\" data-cp-link=\"1\">JETZT BESTELLEN<\/a>\n\n<\/div>\n<\/div>\n<\/div>\n<\/div>\n<div  class=\"col-sm-6 col-md-6 \">\n<div  class=\"card row-card bordered y-move\">\n<div  class=\"row\">\n<div  class=\"col-sm-fit icon-column\"><\/div>\n<div  class=\"col-sm\" data-type=\"column\">\n<h5  class=\"color2\">Haltbarkeit<\/h5>\n<p  class=\"\">F\u00fcr die Zubereitung der Sauce werden nur frische und saubere Zutaten verwendet. Die Inhaltsstoffe garantieren von Natur aus eine lange Haltbarkeit. Verschlossen Portionen k\u00f6nnen problemlos ein Monat im K\u00fchlschrank gelagert werden.<\/p>\n<p  class=\"\">Dank der verschweissten Einzelportionen \u00f6ffnen Sie nur die gew\u00fcnschte Anzahl Saucen. Der Rest bleibt gut verschlossen und kann sauber und sicher aufbewahrt werden.<\/p>\n<p  class=\"\">Auf jeder Portion ist das Haltbarkeitsdatum vermerkt. Konsumieren Sie ge\u00f6ffnete Packungen sofort!<\/p>\n\n<\/div>\n<\/div>\n<\/div>\n<\/div>\n<div  class=\"col-sm-6 col-md-6 \">\n<div  class=\"card row-card bordered y-move\">\n<div  class=\"row\">\n<div  class=\"col-sm-fit icon-column\"><\/div>\n<div  class=\"col-sm\" data-type=\"column\">\n<h5  class=\"color2\">Einfrieren<\/h5>\n<p  class=\"\">Die Sauce kann auch eingefroren werden. Nach dem Auftauen sofort konsumieren!<\/p>\n\n<\/div>\n<\/div>\n<\/div>\n<\/div>\n<div  class=\"col-sm-6 col-md-6 \">\n<div  class=\"card row-card bordered y-move\">\n<div  class=\"row\">\n<div  class=\"col-sm-fit icon-column\"><\/div>\n<div  class=\"col-sm\" data-type=\"column\">\n<h5  class=\"color2\">Swiss Quality Testing Services gepr\u00fcft<\/h5>\n<p  class=\"\">D\u2019anDy\u2019s SteakTartar-Sauce wurde vom Labor \u201eSwiss Quality Testing Services\u201c auf die Transportf\u00e4higkeit per A-Post und auf die ungek\u00fchlte Aufbewahrung w\u00e4hrend einer Woche bei Raumtemperatur gepr\u00fcft. Resultat: Anforderungen bez\u00fcglich der mikrobiologischen Kriterien erf\u00fcllt.<\/p>\n\n<\/div>\n<\/div>\n<\/div>\n<\/div>\n<\/div>\n<\/div>\n<\/div><div id=\"dandy-845254678\" class=\"dandy-nach-dem-inhalt dandy-entity-placement\"><script async src=\"https:\/\/pagead2.googlesyndication.com\/pagead\/js\/adsbygoogle.js?client=ca-pub-6406795549149219\"\r\n     crossorigin=\"anonymous\"><\/script><\/div>","protected":false},"excerpt":{"rendered":"<p>120gr Rindfleisch\u2026 Kaufen Sie 120 gr frisches rohes, von Hand gehacktes Rindfleisch Ihrer Wahl\u2026 \u2026mit 1 Portion mischen\u2026 \u2026und vermengen Sie das Ganze zu einer gleichm\u00e4ssigen Masse. \u2026und GENIESSEN ! Richten Sie das Tartar entweder ganz auf einer Servierplatte oder als Portionen direkt auf den Tellern an. Varianten und Verfeinern siehe unter\u2026 BEEF STEAK TARTAR&hellip; <br \/> <a class=\"read-more\" href=\"https:\/\/dandys.ch\/fr\/beef-steak-tartar-richtig-wuerzen-so-gelingt-der-klassiker\/\">Lire la suite<\/a><\/p>","protected":false},"author":2,"featured_media":0,"parent":0,"menu_order":0,"comment_status":"closed","ping_status":"closed","template":"page-templates\/homepage.php","meta":{"footnotes":""},"class_list":["post-50","page","type-page","status-publish","hentry"],"_links":{"self":[{"href":"https:\/\/dandys.ch\/fr\/wp-json\/wp\/v2\/pages\/50","targetHints":{"allow":["GET"]}}],"collection":[{"href":"https:\/\/dandys.ch\/fr\/wp-json\/wp\/v2\/pages"}],"about":[{"href":"https:\/\/dandys.ch\/fr\/wp-json\/wp\/v2\/types\/page"}],"author":[{"embeddable":true,"href":"https:\/\/dandys.ch\/fr\/wp-json\/wp\/v2\/users\/2"}],"replies":[{"embeddable":true,"href":"https:\/\/dandys.ch\/fr\/wp-json\/wp\/v2\/comments?post=50"}],"version-history":[{"count":146,"href":"https:\/\/dandys.ch\/fr\/wp-json\/wp\/v2\/pages\/50\/revisions"}],"predecessor-version":[{"id":21670,"href":"https:\/\/dandys.ch\/fr\/wp-json\/wp\/v2\/pages\/50\/revisions\/21670"}],"wp:attachment":[{"href":"https:\/\/dandys.ch\/fr\/wp-json\/wp\/v2\/media?parent=50"}],"curies":[{"name":"wp","href":"https:\/\/api.w.org\/{rel}","templated":true}]}}