{"id":34,"date":"2019-09-01T15:06:22","date_gmt":"2019-09-01T15:06:22","guid":{"rendered":"http:\/\/beta.dandys.lima-city.ch\/?post_type=product&#038;p=34"},"modified":"2021-01-17T08:00:48","modified_gmt":"2021-01-17T08:00:48","slug":"einzelportion-75gr","status":"publish","type":"product","link":"https:\/\/dandys.ch\/fr\/produit\/einzelportion-75gr\/","title":{"rendered":"Portion 1 personne"},"content":{"rendered":"<p style=\"text-align: left;\">Une portion 1 personne D'anDy's saue pour steak tartare (75g)<\/p>\n<p style=\"text-align: left;\">Pour ce faire, vous avez besoin de 120 grammes de b\u0153uf frais hach\u00e9 \u00e0 la main de votre choix par paquet.<\/p>\n<ul class=\"page\">\n<li class=\"melanger\" style=\"text-align: left;\"><strong>M\u00e9langez<\/strong>\u00a0pour en faire une masse homog\u00e8ne.<\/li>\n<li class=\"gouter\" style=\"text-align: left;\"><strong>Go\u00fbtez<\/strong>\u00a0et ajoutez selon votre go\u00fbt\nsel, poivre et\/ou Tabasco.<\/li>\n<li class=\"server\" style=\"text-align: left;\"><strong>Servez\u00a0<\/strong>le steak tartare sur un plat \u00e0 service ou en portion directement sur assiettes.<\/li>\n<li class=\"affiner\" style=\"text-align: left;\"><strong>Affinez<\/strong>\u00a0le go\u00fbt de votre Steak Tartare en ajoutant (par portion) \u00e0 c\u00f4t\u00e9 ou m\u00eame dessus, un jaune d\u2019\u0153uf.<\/li>\n<li class=\"palais-exigeants\" style=\"text-align: left;\"><strong>Pour les palais exigeants\u00a0<\/strong>ajoutez 1 cc de Cognac (ou whisky ou vodka) dans votre tartare et m\u00e9langez. Vous pouvez augmenter la quantit\u00e9 selon votre go\u00fbt\u2026<\/li>\n<\/ul>\n<hr \/>\n<p><strong>Accompagnez votre steak tartare<\/strong><br \/>\n<em> de pains toast chauds, beurre, c\u00e2pres et rondelles d\u2019oignons.<\/em><\/p>\n<p>Les coquilles d\u2019\u0153ufs sont tr\u00e8s jolies comme d\u00e9coration<br \/>\nmais n'oubliez pas le risques de salmonelle!<\/p>\n<div id=\"slogan\">\n<h4><strong>Vous vous occupez de la viande - nous procurons la sauce - \u00e7a ne peut pas rater<\/strong><\/h4>\n<\/div>\n<div id=\"dandy-1754613826\" class=\"dandy-nach-dem-inhalt dandy-entity-placement\"><script async src=\"https:\/\/pagead2.googlesyndication.com\/pagead\/js\/adsbygoogle.js?client=ca-pub-6406795549149219\"\r\n     crossorigin=\"anonymous\"><\/script><\/div>","protected":false},"excerpt":{"rendered":"<p>Portion 1 personne (75gr)<\/p>","protected":false},"featured_media":98,"comment_status":"open","ping_status":"closed","template":"","meta":[],"product_brand":[],"product_cat":[18],"product_tag":[],"class_list":{"0":"post-34","1":"product","2":"type-product","3":"status-publish","4":"has-post-thumbnail","6":"product_cat-sauce","8":"first","9":"instock","10":"taxable","11":"shipping-taxable","12":"purchasable","13":"product-type-simple"},"_links":{"self":[{"href":"https:\/\/dandys.ch\/fr\/wp-json\/wp\/v2\/product\/34","targetHints":{"allow":["GET"]}}],"collection":[{"href":"https:\/\/dandys.ch\/fr\/wp-json\/wp\/v2\/product"}],"about":[{"href":"https:\/\/dandys.ch\/fr\/wp-json\/wp\/v2\/types\/product"}],"replies":[{"embeddable":true,"href":"https:\/\/dandys.ch\/fr\/wp-json\/wp\/v2\/comments?post=34"}],"wp:featuredmedia":[{"embeddable":true,"href":"https:\/\/dandys.ch\/fr\/wp-json\/wp\/v2\/media\/98"}],"wp:attachment":[{"href":"https:\/\/dandys.ch\/fr\/wp-json\/wp\/v2\/media?parent=34"}],"wp:term":[{"taxonomy":"product_brand","embeddable":true,"href":"https:\/\/dandys.ch\/fr\/wp-json\/wp\/v2\/product_brand?post=34"},{"taxonomy":"product_cat","embeddable":true,"href":"https:\/\/dandys.ch\/fr\/wp-json\/wp\/v2\/product_cat?post=34"},{"taxonomy":"product_tag","embeddable":true,"href":"https:\/\/dandys.ch\/fr\/wp-json\/wp\/v2\/product_tag?post=34"}],"curies":[{"name":"wp","href":"https:\/\/api.w.org\/{rel}","templated":true}]}}